{"id":308,"date":"2020-01-13T11:17:52","date_gmt":"2020-01-13T11:17:52","guid":{"rendered":"https:\/\/demosites.io\/web-agency-gb\/?page_id=5"},"modified":"2023-09-21T14:50:45","modified_gmt":"2023-09-21T14:50:45","slug":"15c42-web-agency-gb-home","status":"publish","type":"page","link":"http:\/\/juraclassic.pl\/","title":{"rendered":"Home"},"content":{"rendered":"\n<div class=\"wp-block-cover alignfull is-light\" style=\"min-height:540px\"><span aria-hidden=\"true\" class=\"wp-block-cover__background has-background-dim-0 has-background-dim\"><\/span><img decoding=\"async\" loading=\"lazy\" width=\"2800\" height=\"902\" class=\"wp-block-cover__image-background wp-image-367\" alt=\"\" src=\"http:\/\/juraclassic.pl\/wp-content\/uploads\/2023\/08\/zamek-ogrodzieniec.png\" style=\"object-position:50% 85%\" data-object-fit=\"cover\" data-object-position=\"50% 85%\" srcset=\"http:\/\/juraclassic.pl\/wp-content\/uploads\/2023\/08\/zamek-ogrodzieniec.png 2800w, http:\/\/juraclassic.pl\/wp-content\/uploads\/2023\/08\/zamek-ogrodzieniec-300x97.png 300w, http:\/\/juraclassic.pl\/wp-content\/uploads\/2023\/08\/zamek-ogrodzieniec-1024x330.png 1024w, http:\/\/juraclassic.pl\/wp-content\/uploads\/2023\/08\/zamek-ogrodzieniec-768x247.png 768w, http:\/\/juraclassic.pl\/wp-content\/uploads\/2023\/08\/zamek-ogrodzieniec-1536x495.png 1536w, http:\/\/juraclassic.pl\/wp-content\/uploads\/2023\/08\/zamek-ogrodzieniec-2048x660.png 2048w\" sizes=\"(max-width: 2800px) 100vw, 2800px\" \/><div class=\"wp-block-cover__inner-container is-layout-flow wp-block-cover-is-layout-flow\">\n<div style=\"height:80px\" aria-hidden=\"true\" class=\"wp-block-spacer\"><\/div>\n\n\n\n<h1 class=\"wp-block-heading has-text-align-center has-text-color\" style=\"color:#121212\">Jura Classic 2023<\/h1>\n\n\n\n<h2 class=\"wp-block-heading has-text-align-center has-text-color\" style=\"color:#121212\">6-7.10.2023<\/h2>\n\n\n\n<p class=\"has-text-align-center has-text-color\" style=\"color:#121212;font-size:17px\">VII Runda Mistrzostw \u015al\u0105ska Pojazd\u00f3w Zabytkowych 2023<br>PROLOG RETRO CUP 2024<br><\/p>\n\n\n\n<div class=\"wp-block-buttons is-horizontal is-content-justification-center is-layout-flex wp-container-1 wp-block-buttons-is-layout-flex\">\n<div class=\"wp-block-button is-style-primary\"><a class=\"wp-block-button__link wp-element-button\" href=\"http:\/\/juraclassic.pl\/index.php\/zgloszenia\/\">ZG\u0141O\u015a SW\u00d3J UDZIA\u0141<\/a><\/div>\n\n\n\n<div class=\"wp-block-button is-style-secondary\"><a class=\"wp-block-button__link wp-element-button\" href=\"http:\/\/juraclassic.pl\/index.php\/regulamin\/\">CZYTAJ WI\u0118CEJ<\/a><\/div>\n<\/div>\n\n\n\n<div style=\"height:80px\" aria-hidden=\"true\" class=\"wp-block-spacer\"><\/div>\n\n\n\n<div style=\"height:80px\" aria-hidden=\"true\" class=\"wp-block-spacer\"><\/div>\n<\/div><\/div>\n\n\n\n<div style=\"height:80px\" aria-hidden=\"true\" class=\"wp-block-spacer\"><\/div>\n\n\n\n<div class=\"wp-block-columns is-layout-flex wp-container-6 wp-block-columns-is-layout-flex\">\n<div class=\"wp-block-column is-layout-flow wp-block-column-is-layout-flow\"><div class=\"wp-block-image icon-style is-style-rounded\">\n<figure class=\"aligncenter size-large\"><img decoding=\"async\" loading=\"lazy\" width=\"72\" height=\"72\" src=\"http:\/\/juraclassic.pl\/wp-content\/uploads\/2020\/01\/neve-webdesign-GB-03.png\" alt=\"\" class=\"wp-image-20\" title=\"\"\/><\/figure><\/div>\n\n\n<div style=\"height:20px\" aria-hidden=\"true\" class=\"wp-block-spacer\"><\/div>\n\n\n\n<h3 class=\"wp-block-heading has-text-align-center has-neve-text-color-color has-text-color\">Malownicza trasa<\/h3>\n\n\n\n<p class=\"has-text-align-center\">Odwied\u017a Jur\u0119 i zobacz malownicze miejsca w jesiennej kolorystyce<\/p>\n\n\n\n<div style=\"height:20px\" aria-hidden=\"true\" class=\"wp-block-spacer\"><\/div>\n<\/div>\n\n\n\n<div class=\"wp-block-column is-layout-flow wp-block-column-is-layout-flow\"><div class=\"wp-block-image icon-style is-style-rounded\">\n<figure class=\"aligncenter size-large\"><img decoding=\"async\" loading=\"lazy\" width=\"72\" height=\"72\" src=\"http:\/\/juraclassic.pl\/wp-content\/uploads\/2020\/01\/neve-webdesign-GB-04.png\" alt=\"\" class=\"wp-image-21\"\/><\/figure><\/div>\n\n\n<div style=\"height:20px\" aria-hidden=\"true\" class=\"wp-block-spacer\"><\/div>\n\n\n\n<h3 class=\"wp-block-heading has-text-align-center has-neve-text-color-color has-text-color\">Atrakcyjne nagrody<\/h3>\n\n\n\n<p class=\"has-text-align-center\">Dla najlepszych za\u0142\u00f3g okoliczno\u015bciowe statuetki (kierowca i pilot) oraz nagrody niespodzianki.<\/p>\n\n\n\n<div style=\"height:20px\" aria-hidden=\"true\" class=\"wp-block-spacer\"><\/div>\n<\/div>\n\n\n\n<div class=\"wp-block-column is-layout-flow wp-block-column-is-layout-flow\"><div class=\"wp-block-image icon-style is-style-rounded\">\n<figure class=\"aligncenter size-large\"><img decoding=\"async\" loading=\"lazy\" width=\"72\" height=\"72\" src=\"http:\/\/juraclassic.pl\/wp-content\/uploads\/2020\/01\/neve-webdesign-GB-01.png\" alt=\"\" class=\"wp-image-18\"\/><\/figure><\/div>\n\n\n<div style=\"height:20px\" aria-hidden=\"true\" class=\"wp-block-spacer\"><\/div>\n\n\n\n<h3 class=\"wp-block-heading has-text-align-center has-neve-text-color-color has-text-color\">Nocne Atrakcje<\/h3>\n\n\n\n<p class=\"has-text-align-center\">Zapraszamy na Nocne zwiedzanie Zamku Ogrodzieniec<\/p>\n\n\n\n<div style=\"height:20px\" aria-hidden=\"true\" class=\"wp-block-spacer\"><\/div>\n<\/div>\n<\/div>\n\n\n\n<div style=\"height:80px\" aria-hidden=\"true\" class=\"wp-block-spacer\"><\/div>\n\n\n\n<div class=\"wp-block-cover alignfull\" style=\"min-height:600px\"><span aria-hidden=\"true\" class=\"wp-block-cover__background has-nv-light-bg-background-color has-background-dim-100 has-background-dim\"><\/span><div class=\"wp-block-cover__inner-container is-layout-flow wp-block-cover-is-layout-flow\">\n<div class=\"wp-block-group is-layout-flow wp-block-group-is-layout-flow\"><div class=\"wp-block-group__inner-container\">\n<div style=\"height:80px\" aria-hidden=\"true\" class=\"wp-block-spacer\"><\/div>\n\n\n\n<div class=\"wp-block-columns are-vertically-aligned-center is-layout-flex wp-container-10 wp-block-columns-is-layout-flex\">\n<div class=\"wp-block-column is-vertically-aligned-center is-layout-flow wp-block-column-is-layout-flow\" style=\"flex-basis:50%\">\n<figure class=\"wp-block-image size-large is-resized\"><img decoding=\"async\" loading=\"lazy\" src=\"http:\/\/juraclassic.pl\/wp-content\/uploads\/2023\/08\/juraclassic_01-1024x718.jpeg\" alt=\"\" class=\"wp-image-395\" style=\"width:513px;height:360px\" width=\"513\" height=\"360\" srcset=\"http:\/\/juraclassic.pl\/wp-content\/uploads\/2023\/08\/juraclassic_01-1024x718.jpeg 1024w, http:\/\/juraclassic.pl\/wp-content\/uploads\/2023\/08\/juraclassic_01-300x210.jpeg 300w, http:\/\/juraclassic.pl\/wp-content\/uploads\/2023\/08\/juraclassic_01-768x539.jpeg 768w, http:\/\/juraclassic.pl\/wp-content\/uploads\/2023\/08\/juraclassic_01-1536x1077.jpeg 1536w, http:\/\/juraclassic.pl\/wp-content\/uploads\/2023\/08\/juraclassic_01-2048x1436.jpeg 2048w\" sizes=\"(max-width: 513px) 100vw, 513px\" \/><\/figure>\n<\/div>\n\n\n\n<div class=\"wp-block-column is-vertically-aligned-center is-layout-flow wp-block-column-is-layout-flow\" style=\"flex-basis:50%\">\n<div style=\"height:20px\" aria-hidden=\"true\" class=\"wp-block-spacer\"><\/div>\n\n\n\n<h2 class=\"wp-block-heading has-text-align-left has-neve-text-color-color has-text-color\">Regulamin<\/h2>\n\n\n\n<p class=\"has-text-align-left has-neve-text-color-color has-text-color\" style=\"font-size:17px\">Zapraszamy do zapoznania si\u0119 z regulaminem imprezy<\/p>\n\n\n\n<div class=\"wp-block-buttons is-horizontal is-content-justification-left is-layout-flex wp-container-8 wp-block-buttons-is-layout-flex\">\n<div class=\"wp-block-button is-style-primary\"><a class=\"wp-block-button__link wp-element-button\" href=\"http:\/\/juraclassic.pl\/index.php\/regulamin\/\">CZYTAJ WI\u0118CEJ:<\/a><\/div>\n<\/div>\n<\/div>\n<\/div>\n\n\n\n<div style=\"height:40px\" aria-hidden=\"true\" class=\"wp-block-spacer\"><\/div>\n<\/div><\/div>\n<\/div><\/div>\n\n\n\n<div class=\"wp-block-cover alignfull\" style=\"min-height:600px\"><span aria-hidden=\"true\" class=\"wp-block-cover__background has-nv-site-bg-background-color has-background-dim-100 has-background-dim\"><\/span><div class=\"wp-block-cover__inner-container is-layout-flow wp-block-cover-is-layout-flow\">\n<div class=\"wp-block-group is-layout-flow wp-block-group-is-layout-flow\"><div class=\"wp-block-group__inner-container\">\n<div style=\"height:80px\" aria-hidden=\"true\" class=\"wp-block-spacer\"><\/div>\n\n\n\n<div class=\"wp-block-columns are-vertically-aligned-center is-layout-flex wp-container-16 wp-block-columns-is-layout-flex\">\n<div class=\"wp-block-column is-vertically-aligned-center is-layout-flow wp-block-column-is-layout-flow\" style=\"flex-basis:50%\">\n<h2 class=\"wp-block-heading has-text-align-left has-neve-text-color-color has-text-color\">Zg\u0142oszenia<\/h2>\n\n\n\n<p class=\"has-text-align-left has-neve-text-color-color has-text-color\" style=\"font-size:17px\">Zg\u0142oszenia przyjmujemy od 1 do 30 wrze\u015bnia 2023 roku poprzez formularz<\/p>\n\n\n\n<div class=\"wp-block-buttons is-horizontal is-content-justification-left is-layout-flex wp-container-13 wp-block-buttons-is-layout-flex\">\n<div class=\"wp-block-button is-style-primary\"><a class=\"wp-block-button__link wp-element-button\" href=\"http:\/\/juraclassic.pl\/index.php\/zgloszenia\/\">ZG\u0141O\u015a SW\u00d3J UDZIA\u0141:<\/a><\/div>\n<\/div>\n\n\n\n<div style=\"height:40px\" aria-hidden=\"true\" class=\"wp-block-spacer\"><\/div>\n<\/div>\n\n\n\n<div class=\"wp-block-column is-vertically-aligned-center is-layout-flow wp-block-column-is-layout-flow\" style=\"flex-basis:50%\">\n<figure class=\"wp-block-image size-large\"><img decoding=\"async\" loading=\"lazy\" width=\"600\" height=\"600\" src=\"http:\/\/juraclassic.pl\/wp-content\/uploads\/2020\/01\/neve-web-design-bg-13.jpg\" alt=\"\" class=\"wp-image-40\" srcset=\"http:\/\/juraclassic.pl\/wp-content\/uploads\/2020\/01\/neve-web-design-bg-13.jpg 600w, http:\/\/juraclassic.pl\/wp-content\/uploads\/2020\/01\/neve-web-design-bg-13-300x300.jpg 300w, http:\/\/juraclassic.pl\/wp-content\/uploads\/2020\/01\/neve-web-design-bg-13-150x150.jpg 150w\" sizes=\"(max-width: 600px) 100vw, 600px\" \/><\/figure>\n<\/div>\n<\/div>\n\n\n\n<div style=\"height:40px\" aria-hidden=\"true\" class=\"wp-block-spacer\"><\/div>\n<\/div><\/div>\n<\/div><\/div>\n\n\n\n<div class=\"wp-block-cover alignfull\" style=\"min-height:600px\"><span aria-hidden=\"true\" class=\"wp-block-cover__background has-nv-dark-bg-background-color has-background-dim-100 has-background-dim\"><\/span><div class=\"wp-block-cover__inner-container is-layout-flow wp-block-cover-is-layout-flow\">\n<div class=\"wp-block-group is-layout-flow wp-block-group-is-layout-flow\"><div class=\"wp-block-group__inner-container\">\n<div style=\"height:80px\" aria-hidden=\"true\" class=\"wp-block-spacer\"><\/div>\n\n\n\n<div class=\"wp-block-columns are-vertically-aligned-center is-layout-flex wp-container-22 wp-block-columns-is-layout-flex\">\n<div class=\"wp-block-column is-vertically-aligned-center is-layout-flow wp-block-column-is-layout-flow\" style=\"flex-basis:50%\">\n<figure class=\"wp-block-image size-large\"><img decoding=\"async\" loading=\"lazy\" width=\"600\" height=\"600\" src=\"http:\/\/juraclassic.pl\/wp-content\/uploads\/2020\/01\/neve-web-design-bg-08.jpg\" alt=\"\" class=\"wp-image-35\" srcset=\"http:\/\/juraclassic.pl\/wp-content\/uploads\/2020\/01\/neve-web-design-bg-08.jpg 600w, http:\/\/juraclassic.pl\/wp-content\/uploads\/2020\/01\/neve-web-design-bg-08-300x300.jpg 300w, http:\/\/juraclassic.pl\/wp-content\/uploads\/2020\/01\/neve-web-design-bg-08-150x150.jpg 150w\" sizes=\"(max-width: 600px) 100vw, 600px\" \/><\/figure>\n<\/div>\n\n\n\n<div class=\"wp-block-column is-vertically-aligned-center is-layout-flow wp-block-column-is-layout-flow\" style=\"flex-basis:50%\">\n<div style=\"height:40px\" aria-hidden=\"true\" class=\"wp-block-spacer\"><\/div>\n\n\n\n<h2 class=\"wp-block-heading has-text-align-left has-nv-text-dark-bg-color has-text-color\">WYNIKI <\/h2>\n\n\n\n<p class=\"has-text-align-left has-nv-text-dark-bg-color has-text-color\" style=\"font-size:17px\">Tutaj w trakcie trwania rajdu znajdziesz aktualne wyniki oraz prawid\u0142owe rozwi\u0105zania zagadek.<\/p>\n\n\n\n<p>Po imprezie znajdziesz tak\u017ce wyniki oficjalne<\/p>\n\n\n\n<div class=\"wp-block-buttons is-horizontal is-content-justification-left is-layout-flex wp-container-20 wp-block-buttons-is-layout-flex\">\n<div class=\"wp-block-button is-style-primary\"><a class=\"wp-block-button__link wp-element-button\" href=\"http:\/\/juraclassic.pl\/index.php\/wyniki\/\">ZOBACZ:<\/a><\/div>\n<\/div>\n<\/div>\n<\/div>\n\n\n\n<div style=\"height:50px\" aria-hidden=\"true\" class=\"wp-block-spacer\"><\/div>\n<\/div><\/div>\n<\/div><\/div>\n\n\n\n<div class=\"wp-block-cover alignfull\" style=\"min-height:600px\"><span aria-hidden=\"true\" class=\"wp-block-cover__background has-nv-site-bg-background-color has-background-dim-100 has-background-dim\"><\/span><div class=\"wp-block-cover__inner-container is-layout-flow wp-block-cover-is-layout-flow\">\n<div class=\"wp-block-group is-layout-flow wp-block-group-is-layout-flow\"><div class=\"wp-block-group__inner-container\">\n<div style=\"height:80px\" aria-hidden=\"true\" class=\"wp-block-spacer\"><\/div>\n\n\n\n<h2 class=\"wp-block-heading has-neve-text-color-color has-text-color\">Zdj\u0119cia i Filmy:<\/h2>\n\n\n\n<figure class=\"wp-block-table\"><table><tbody><tr><td><\/td><td><\/td><\/tr><\/tbody><\/table><\/figure>\n\n\n\n<h2 class=\"wp-block-heading has-neve-text-color-color has-text-color\">Partnerzy:<\/h2>\n\n\n\n<figure class=\"wp-block-table\"><table class=\"has-fixed-layout\"><tbody><tr><td><\/td><td><\/td><td><\/td><td><img decoding=\"async\" loading=\"lazy\" width=\"300\" height=\"100\" class=\"wp-image-412\" style=\"width: 150px;\" src=\"http:\/\/juraclassic.pl\/wp-content\/uploads\/2023\/08\/logo-miasto-myszkow.png\" alt=\"\"><\/td><\/tr><tr><td><\/td><td><\/td><td><\/td><td><img decoding=\"async\" loading=\"lazy\" width=\"300\" height=\"100\" class=\"wp-image-411\" style=\"width: 150px;\" src=\"http:\/\/juraclassic.pl\/wp-content\/uploads\/2023\/08\/logo-mdk-myszkow.png\" alt=\"\"><\/td><\/tr><tr><td><\/td><td><\/td><td><\/td><td><img decoding=\"async\" loading=\"lazy\" width=\"300\" height=\"100\" class=\"wp-image-408\" style=\"width: 150px;\" src=\"http:\/\/juraclassic.pl\/wp-content\/uploads\/2023\/08\/logo-dzyrpl.png\" alt=\"\"><\/td><\/tr><tr><td><\/td><td><\/td><td><\/td><td><img decoding=\"async\" loading=\"lazy\" width=\"300\" height=\"100\" class=\"wp-image-410\" style=\"width: 150px;\" src=\"http:\/\/juraclassic.pl\/wp-content\/uploads\/2023\/08\/logo-stop-pijanym-kierowcom.png\" alt=\"\"><\/td><\/tr><tr><td><\/td><td><\/td><td><\/td><td><\/td><\/tr><tr><td><\/td><td><\/td><td><\/td><td><\/td><\/tr><\/tbody><\/table><\/figure>\n\n\n\n<div style=\"height:20px\" aria-hidden=\"true\" class=\"wp-block-spacer\"><\/div>\n\n\n\n<div class=\"wp-block-columns are-vertically-aligned-center is-layout-flex wp-container-27 wp-block-columns-is-layout-flex\">\n<div class=\"wp-block-column is-vertically-aligned-center is-layout-flow wp-block-column-is-layout-flow\" style=\"flex-basis:50%\">\n<div style=\"height:40px\" aria-hidden=\"true\" class=\"wp-block-spacer\"><\/div>\n<\/div>\n\n\n\n<div class=\"wp-block-column is-vertically-aligned-center is-layout-flow wp-block-column-is-layout-flow\" style=\"flex-basis:50%\">\n<div style=\"height:40px\" aria-hidden=\"true\" class=\"wp-block-spacer\"><\/div>\n<\/div>\n<\/div>\n\n\n\n<div style=\"height:40px\" aria-hidden=\"true\" class=\"wp-block-spacer\"><\/div>\n<\/div><\/div>\n<\/div><\/div>\n","protected":false},"excerpt":{"rendered":"<p>Malownicza trasa Odwied\u017a Jur\u0119 i zobacz malownicze miejsca w jesiennej kolorystyce Atrakcyjne nagrody Dla najlepszych za\u0142\u00f3g okoliczno\u015bciowe statuetki (kierowca i pilot) oraz nagrody niespodzianki. Nocne Atrakcje Zapraszamy na Nocne zwiedzanie Zamku Ogrodzieniec<\/p>\n","protected":false},"author":1,"featured_media":0,"parent":0,"menu_order":0,"comment_status":"closed","ping_status":"closed","template":"","meta":{"neve_meta_sidebar":"default","neve_meta_container":"default","neve_meta_enable_content_width":"on","neve_meta_content_width":100,"neve_meta_title_alignment":"","neve_meta_author_avatar":"","neve_post_elements_order":"","neve_meta_disable_header":"","neve_meta_disable_footer":"","neve_meta_disable_title":"on","_themeisle_gutenberg_block_has_review":false,"footnotes":""},"_links":{"self":[{"href":"http:\/\/juraclassic.pl\/index.php\/wp-json\/wp\/v2\/pages\/308"}],"collection":[{"href":"http:\/\/juraclassic.pl\/index.php\/wp-json\/wp\/v2\/pages"}],"about":[{"href":"http:\/\/juraclassic.pl\/index.php\/wp-json\/wp\/v2\/types\/page"}],"author":[{"embeddable":true,"href":"http:\/\/juraclassic.pl\/index.php\/wp-json\/wp\/v2\/users\/1"}],"replies":[{"embeddable":true,"href":"http:\/\/juraclassic.pl\/index.php\/wp-json\/wp\/v2\/comments?post=308"}],"version-history":[{"count":15,"href":"http:\/\/juraclassic.pl\/index.php\/wp-json\/wp\/v2\/pages\/308\/revisions"}],"predecessor-version":[{"id":422,"href":"http:\/\/juraclassic.pl\/index.php\/wp-json\/wp\/v2\/pages\/308\/revisions\/422"}],"wp:attachment":[{"href":"http:\/\/juraclassic.pl\/index.php\/wp-json\/wp\/v2\/media?parent=308"}],"curies":[{"name":"wp","href":"https:\/\/api.w.org\/{rel}","templated":true}]}}