{"id":369,"date":"2023-08-24T10:03:22","date_gmt":"2023-08-24T10:03:22","guid":{"rendered":"http:\/\/juraclassic.pl\/?page_id=369"},"modified":"2023-09-21T14:50:07","modified_gmt":"2023-09-21T14:50:07","slug":"regulamin","status":"publish","type":"page","link":"http:\/\/juraclassic.pl\/index.php\/regulamin\/","title":{"rendered":"Regulamin"},"content":{"rendered":"\n<p><strong>&#8222;Jura Classic 2023&#8221;<\/strong><\/p>\n\n\n\n<p>(7. Runda Mistrzostw \u015al\u0105ska Pojazd\u00f3w Zabytkowych 2023)<br>Prolog RETRO CUP 2024<\/p>\n\n\n\n<p>oraz<\/p>\n\n\n\n<p><strong>5. Amatorski Rajd Samochodowy<\/strong><\/p>\n\n\n\n<p><strong>REGULAMIN<\/strong><\/p>\n\n\n\n<p><strong>Organizator<\/strong><\/p>\n\n\n\n<p>MIASTO SPORTU<br>42-221 Cz\u0119stochowa, ul. Jana Dzier\u017conia 4<br>tel: 606 233 313 (w godzinach 9:00 &#8211; 17:00)<\/p>\n\n\n\n<p><strong>Wsp\u00f3\u0142praca:<\/strong><\/p>\n\n\n\n<p>&#8211; Fundacja MK<br>&#8211; Urz\u0105d Miasta Myszk\u00f3w<br>&#8211; MDK Myszk\u00f3w<\/p>\n\n\n\n<p><strong>Termin, miejsce i harmonogram:<\/strong><br>Impreza odb\u0119dzie si\u0119 w dniach <strong>6-7 pa\u017adziernika 2023<\/strong> r. (pi\u0105tek\/sobota)<br><br><strong>Baza rajdu<\/strong><\/p>\n\n\n\n<p>Morsko Plus &#8211; O\u015brodek<br>42-400 Zawiercie; ul.Zamkowa 70 Morsko<\/p>\n\n\n\n<p><strong>Harmonogram (wst\u0119pny):<\/strong><\/p>\n\n\n\n<p><strong>6.10.2023 &#8211; Pi\u0105tek<br><\/strong>od 14:00 &#8211; przyjmowanie za\u0142\u00f3g, zakwaterowanie, Odbi\u00f3r Administracyjny, BK<br>19:01 &#8211; start pierwszej za\u0142ogi do Etapu 1<br>20:00 &#8211; Nocne zwiedzanie Zamku Ogrodzieniec<\/p>\n\n\n\n<p>ok. 22:00 &#8211; powr\u00f3t do hotelu<\/p>\n\n\n\n<p><strong>7.10.2023 &#8211; Sobota<\/strong><\/p>\n\n\n\n<p>7:00 &#8211; 8:30 &#8211; \u015bniadanie<br>8:30 &#8211; oficjalne otwarcie imprezy i odprawa<br>9:01 &#8211; start 1 za\u0142ogi do Etapu 2<br>14:00 &#8211; obiad<br>oko\u0142o 16:30 &#8211; meta 1 za\u0142ogi<br>od 18:00 &#8211; pocz\u0119stunek i dekoracja zwyci\u0119zc\u00f3w,<br><br><em>(szczeg\u00f3\u0142owy harmonogram opublikujemy 1 pa\u017adziernika 2023 na stronie rajdu)<\/em><\/p>\n\n\n\n<p><strong>W\u0142adze rajdu<\/strong><\/p>\n\n\n\n<p>Komandor Rajdu \u2013 \u0141ukasz Maletz lic. OSP \u201eO\u201d 901\/2023<br>Wicekomandor, autor trasy, promocja \u2013 Agnieszka Ksi\u0119\u017cyk lic. OSP \u201eO\u201d 902\/2023<br>Kierownik ds. pr\u00f3b \u2013 Artur Stefa\u0144czyk lic. OSP \u201eO\u201d 903\/2023<br>Kierownik ds. pr\u00f3b sportowych &#8211; TBA<br>Kierownik Biura Rajdu \u2013 Agnieszka Ksi\u0119\u017cyk lic. OSP \u201eO\u201d 902\/2023<br>Komisja Oblicze\u0144 &#8211; \u0141ukasz Maletz lic. OSP \u201eO\u201d 901\/2023\u00a0<\/p>\n\n\n\n<p><strong>Zg\u0142oszenia i wpisowe<\/strong><\/p>\n\n\n\n<p>Zg\u0142oszenia uczestnictwa wraz z wpisowym prosimy przesy\u0142a\u0107 do dnia <strong>30.09.2023<\/strong>r. wy\u0142\u0105cznie przez elektroniczny formularz zg\u0142oszeniowy dost\u0119pny na stronie www.juraclassic.pl.<br>Decyduje kolejno\u015b\u0107 wp\u0142at.<\/p>\n\n\n\n<p><strong>Wpisowe w wersji ALL &#8211; 699 z\u0142 za za\u0142og\u0119 2 osobow\u0105<\/strong> &#8211; obejmuje:<\/p>\n\n\n\n<p>&#8211; wpisowe regulaminowe od za\u0142ogi (materia\u0142y rajdowe, parking)<br>&#8211; nocleg ze \u015bniadaniem \u00a0w O\u015brodku Morsko &#8211; pi\u0105tek\/sobota<br>(istnieje mo\u017cliwo\u015b\u0107 dokupienia noclegu ze \u015bniadaniem z soboty\/niedziel\u0119)<br>&#8211; kolacj\u0119 w pi\u0105tek<br>&#8211; obiad w sobot\u0119<br>&#8211; pocz\u0119stunek w sobot\u0119<br>&#8211; ekskluzywne <strong>nocne zwiedzanie Zamku w Ogrodzie\u0144cu<\/strong> &#8211; tylko dla uczestnik\u00f3w rajdu<br>&#8211; pami\u0105tki rajdowe<\/p>\n\n\n\n<p><strong>Wpisowe bez nocleg\u00f3w &#8211; 499 z\u0142 za za\u0142og\u0119 2 osobow\u0105<\/strong> &#8211; obejmuje:<\/p>\n\n\n\n<p>&#8211; wpisowe regulaminowe od za\u0142ogi (materia\u0142y rajdowe, parking)<br>&#8211; kolacj\u0119 w pi\u0105tek<br>&#8211; obiad w sobot\u0119<br>&#8211; pocz\u0119stunek w sobot\u0119<br>&#8211; ekskluzywne <strong>nocne zwiedzanie Zamku w Ogrodzie\u0144cu<\/strong> &#8211; tylko dla uczestnik\u00f3w rajdu<br>&#8211; pami\u0105tki rajdowe<\/p>\n\n\n\n<p><strong>Wpisowe &#8211; 199 z\u0142 za za\u0142og\u0119 2 osobow\u0105<\/strong> &#8211; obejmuje:<\/p>\n\n\n\n<p>&#8211; wpisowe regulaminowe od za\u0142ogi (materia\u0142y rajdowe, parking)<br>&#8211; ekskluzywne <strong>nocne zwiedzanie Zamku w Ogrodzie\u0144cu<\/strong> &#8211; tylko dla uczestnik\u00f3w rajdu<br>&#8211; pami\u0105tki rajdowe<\/p>\n\n\n\n<p>Prosimy o wp\u0142at\u0119 wpisowego, przelewem na konto:<br>Miasto Sportu, <strong>06 1140 2004 0000 3502 8064 1089<\/strong><br>&#8211; tytu\u0142 wp\u0142aty &#8222;JC2023 + imi\u0119 i nazwisko kierowcy&#8221;<\/p>\n\n\n\n<p>UWAGA: Ze wzgl\u0119d\u00f3w organizacyjnych ustala si\u0119 nieprzekraczalny limit startuj\u0105cych za\u0142\u00f3g na 40. Pierwsze\u0144stwo udzia\u0142u maj\u0105 za\u0142ogi w pojazdach do 1992 roku.<\/p>\n\n\n\n<p><strong>Wymagania techniczne<\/strong><\/p>\n\n\n\n<p>1. W rajdzie Jura Classic uczestniczy\u0107 mog\u0105 pojazdy wyprodukowane przed 31.12.2002r.<br>2. W Amatorskim Rajdzie Samochodowym uczestniczy\u0107 mog\u0105 pojazdy wyprodukowane od 01.01.2003 r.<\/p>\n\n\n\n<p>Ka\u017cdy pojazd musi by\u0107 sprawny technicznie i posiada\u0107 wa\u017cny wpis przegl\u0105du technicznego w dowodzie rejestracyjnym oraz wa\u017cne ubezpieczenie OC.<\/p>\n\n\n\n<p>Przed startem organizator mo\u017ce sprawdzi\u0107 stan, wyposa\u017cenie oraz dokumenty pojazdu. Stwierdzenie usterek i brak\u00f3w spowoduje naliczenie punkt\u00f3w karnych.<\/p>\n\n\n\n<p><strong>Trasa rajdu<\/strong><\/p>\n\n\n\n<p>Przejazd nale\u017cy wykona\u0107 zgodnie z opisem trasy (roadbookiem \/ itinererem), kt\u00f3ry za\u0142oga otrzymuje przed startem.<br>Dodatkowo zadaniem za\u0142ogi jest wykonanie:<br>&#8211; pr\u00f3b oceny techniki jazdy OTJ,<br>&#8211; pr\u00f3b zabawowych PZ,<br>&#8211; pr\u00f3b sportowych SZ,<br>&#8211; zada\u0144 na trasie &#8211; w tym etap R\u00f3\u017ca Wiatr\u00f3w<br>&#8211; zg\u0142aszanie si\u0119 w wyznaczonym czasie na punktach kontroli czasu PKC.<\/p>\n\n\n\n<p><strong>Pr\u00f3by oceny techniki jazdy, zabawowe i sportowe \u2013 OTJ, PZ, SZ<\/strong><\/p>\n\n\n\n<p>Oznaczone b\u0119d\u0105 czerwon\u0105 tablic\u0105 z symbolem flagi lub piecz\u0105tki oraz poprzedzone stref\u0105, oznaczon\u0105 \u017c\u00f3\u0142t\u0105 tablic\u0105 z symbolem flagi lub piecz\u0105tki. W wyznaczonym w opisie trasy miejscu nale\u017cy wykona\u0107 pr\u00f3b\u0119 pojazdem zg\u0142oszonym przez uczestnika do startu w rajdzie, zgodnie<br>z opisem w ksi\u0105\u017cce drogowej lub wed\u0142ug informacji s\u0119dziego stosuj\u0105c si\u0119 do jego uwag.<br>Pr\u00f3ba SZ: Start &nbsp;\u2013 przednia o\u015b samochodu na linii, meta \u2013 linia mi\u0119dzy osiami samochodu<\/p>\n\n\n\n<p><strong>Punkty kontroli czasu \u2013 PKC<\/strong><\/p>\n\n\n\n<p>Oznaczone b\u0119d\u0105 czerwon\u0105 tablic\u0105 z symbolem zegara oraz poprzedzone stref\u0105, oznaczon\u0105 \u017c\u00f3\u0142t\u0105 tablic\u0105 z symbolem zegara. Start do poszczeg\u00f3lnych etap\u00f3w powinien nast\u0119powa\u0107 w czasie okre\u015blonym w karcie drogowej. Odchy\u0142ka od tego czasu mo\u017ce spowodowa\u0107 naliczenie punkt\u00f3w karnych. Wjazd na ka\u017cdy PKC powinien nast\u0105pi\u0107 w czasie okre\u015blonym w materia\u0142ach rajdowych za\u0142ogi. P\u00f3\u017aniejszy wjazd spowoduje naliczenie punkt\u00f3w karnych.<\/p>\n\n\n\n<p>Wcze\u015bniejszy wjazd na PKC mo\u017ce nast\u0105pi\u0107 tylko na wyra\u017ane zezwolenie s\u0119dziego.<\/p>\n\n\n\n<p><strong>Obowi\u0105zki uczestnik\u00f3w<\/strong><\/p>\n\n\n\n<p>1. Sk\u0142ad za\u0142ogi (kierowca i pilot) oraz pojazd zg\u0142oszony do uczestnictwa w rajdzie nie mog\u0105 by\u0107 zmienione od startu do mety.<br>2. Za\u0142oga odpowiada za swoje dokumenty rajdowe, ich kompletno\u015b\u0107 i czytelno\u015b\u0107.<br>3. Rajd odbywa si\u0119 w normalnym ruchu drogowym. Kierowcy zobowi\u0105zani s\u0105 do stosowania przepis\u00f3w ruchu drogowego.<br>4. Uczestnicy zobowi\u0105zani s\u0105 do stosowania si\u0119 do zalece\u0144 organizatora i s\u0119dzi\u00f3w oraz do kulturalnego zachowania.<\/p>\n\n\n\n<p><strong>Punktacja (punkty karne)<\/strong><\/p>\n\n\n\n<p><strong>1. Pr\u00f3ba OTJ (Ocena Techniki Jazdy)<\/strong><br>&#8211; Za b\u0142\u0119dne wykonanie pr\u00f3by OTJ zawodnik otrzymuje 3 pkt.<br>&#8211; Punktacja mo\u017ce by\u0107 stopniowana w zale\u017cno\u015bci od pr\u00f3by<\/p>\n\n\n\n<p><strong>2. Pr\u00f3ba PZ (Pr\u00f3ba Zabawowa)<\/strong><\/p>\n\n\n\n<p>&#8211; Za b\u0142\u0119dne wykonanie pr\u00f3by PZ zawodnik otrzymuje 1 pkt.<br>&#8211; Punktacja mo\u017ce by\u0107 stopniowana w zale\u017cno\u015bci od pr\u00f3by<br>&#8211; Maksymalnie 5 punkt\u00f3w za wszystkie pr\u00f3by zabawowe<\/p>\n\n\n\n<p><strong>3. Pr\u00f3ba SZ:<\/strong><\/p>\n\n\n\n<p>&#8211; Czas liczony jest z dok\u0142adno\u015bci\u0105 do 0,01 sekundy. Za ka\u017cd\u0105 1 sekund\u0119 czasu pr\u00f3by Uczestnik otrzymuje 0,1 pkt.; tzn. za ka\u017cde 10 sekund czasu pr\u00f3by otrzymuje 1 pkt.<br>&#8211; Za potr\u0105cenie lub wywr\u00f3cenie s\u0142upka dolicza si\u0119 5 sek. do czasu pr\u00f3by.<br>&#8211; Za przekroczenie linii mety SZ obydwoma osiami (taryfa) 150% najgorszego czasu.<br>&#8211; Maksymalna ilo\u015b\u0107 punkt\u00f3w za pr\u00f3b\u0119 (taryfa) 150% najgorszego czasu.<br>&#8211; B\u0142\u0119dne przejechanie trasy pr\u00f3by (taryfa) 150% najgorszego czasu.<br>&#8211; Za omini\u0119cie pr\u00f3by polegaj\u0105cej na prowadzeniu pojazdu &#8211; 150% najgorszego wyniku pr\u00f3by,<\/p>\n\n\n\n<p><strong>4. PKP (Punkt Kontroli Przejazdu)<\/strong><\/p>\n\n\n\n<p>&#8211; za omini\u0119cie PKP (z obs\u0142ug\u0105) &#8211; 5 pkt.<br>&#8211; za omini\u0119cie bezobs\u0142ugowego PKP &#8211; 1 pkt., jednak \u0142\u0105cznie nie wi\u0119cej ni\u017c 10 pkt. na jednym etapie<\/p>\n\n\n\n<p><strong>5. Testy:<\/strong><br>&#8211; Za ka\u017cd\u0105 b\u0142\u0119dn\u0105 odpowied\u017a z przepis\u00f3w prawa o ruchu drogowym &#8211; 1 pkt.<br>&#8211; Za ka\u017cd\u0105 b\u0142\u0119dn\u0105 odpowied\u017a z historii motoryzacji &#8211; 1 pkt.<br><strong>6. Fotozagadki <\/strong>&#8211; za ka\u017cdy b\u0142\u0105d &#8211; 1 pkt (maksymalnie 5 pkt za etap)<br><strong>7.<\/strong> <strong>Pytania na trasie<\/strong> &#8211; za ka\u017cd\u0105 b\u0142\u0119dn\u0105 odpowied\u017a &#8211; 1 pkt<br><strong>8. Za ka\u017cdorazowe przekroczenie przepis\u00f3w ruchu drogowego &#8211; 2 pkt<br>9. R\u00f3\u017ca wiatr\u00f3w &#8211; do 10 punkt\u00f3w<\/strong><br><strong>10. Odcinek jazdy na regularno\u015b\u0107 &#8211; do 10 punkt\u00f3w \/ etap<\/strong><br>Ka\u017cda 0,1 sekundy r\u00f3\u017cnicy czasu przejazdu od czasu wzorcowego = 0,1 pkt.<br><strong>11. Za ka\u017cd\u0105 minut\u0119 wcze\u015bniejszego lub p\u00f3\u017aniejszego wjazdu na PKC &#8211; 1 pkt.,<\/strong><br><strong>12. Za otwarcie koperty ratunkowej &#8211; 20 pkt.<\/strong><br><strong>13. Za nie uczestniczenie w konkursie elegancji (tylko Jura Classic) &#8211; 5pkt.<\/strong><br><strong>Pozosta\u0142a punktacja zgodna z regulaminem M\u015aPZ 2023<\/strong><\/p>\n\n\n\n<p><strong>Klasyfikacja<\/strong><\/p>\n\n\n\n<p>Zwyci\u0119zc\u0105 b\u0119dzie za\u0142oga, kt\u00f3ra b\u0119dzie mia\u0142a najmniej punkt\u00f3w karnych. W przypadku r\u00f3wnej ilo\u015bci punkt\u00f3w o miejscu decyduje kolejno: rocznik, \u0142\u0105czny wynik pr\u00f3b SZ, OTJ i PZ, suma punkt\u00f3w za zadania z trasy, suma punkt\u00f3w za PKC.<\/p>\n\n\n\n<p><strong>Nagrody:<br><br>W ka\u017cdej z poni\u017cszych klasyfikacji zostan\u0105 nagrodzone 3 najlepsze za\u0142ogi (statuetki otrzymuj\u0105 kierowca oraz pilot)<\/strong><\/p>\n\n\n\n<p><strong>1. Jura Classic 2023: (samochody)<\/strong><br>pre 1970 &#8211; (wyprodukowane do 31.12.1970)<br>post 1970 &#8211; (wyprodukowane od 01.01.1971 do 31.12.1992)<\/p>\n\n\n\n<p><strong>2. Jura Classic 2023: (motocykle)<\/strong><\/p>\n\n\n\n<p>OPEN<\/p>\n\n\n\n<p><strong>3. Jura Classic 2023<\/strong> &#8211;<strong> Youngtimer<br><\/strong>Samochody wyprodukowane mi\u0119dzy 01.01.1993 a 31.12.2002<br><em>(w przypadku startu mniej ni\u017c \u00a05 pojazd\u00f3w, klasyfikacja wsp\u00f3lna z 5. ARS)<\/em><\/p>\n\n\n\n<p><strong>4. 5.Amatorski Rajd Samochodowy<\/strong><\/p>\n\n\n\n<p>OPEN<\/p>\n\n\n\n<p><strong>Dodatkowe klasyfikacje:<\/strong><\/p>\n\n\n\n<p><strong>1. Klasyfikacja Dru\u017cynowa<\/strong><\/p>\n\n\n\n<p>W klasyfikacji dru\u017cynowej punktuj\u0105 3 (trzy) najlepsze za\u0142ogi zg\u0142oszone pod jednakowo brzmi\u0105c\u0105 nazw\u0105 niezale\u017cnie od klasyfikacji.<\/p>\n\n\n\n<p><strong>2. Puchar Pa\u0144<\/strong><\/p>\n\n\n\n<p>W tej klasyfikacji zostan\u0105 nagrodzone 3 najlepsze panie &#8211; kierowcy<\/p>\n\n\n\n<p><strong>Protesty<\/strong><\/p>\n\n\n\n<p>Protesty dotycz\u0105ce trasy nale\u017cy sk\u0142ada\u0107 na pi\u015bmie Komandorowi imprezy w czasie 30 minut od wywieszenia kart wzorcowych, z jednoczesnym do\u0142\u0105czeniem kaucji w wysoko\u015bci 250 z\u0142, zwracanej w przypadku uznania protestu. Protesty rozpatrywane b\u0119d\u0105 przez Jury imprezy (komandor, wicekomandor i kierownik ds. oblicze\u0144), a podj\u0119te decyzje s\u0105 ostateczne. Po og\u0142oszeniu wynik\u00f3w prowizorycznych wyja\u015bnienia mog\u0105 dotyczy\u0107 tylko b\u0142\u0119d\u00f3w rachunkowych, a czas ich zg\u0142aszania wynosi 30 minut od chwili wywieszenia wynik\u00f3w.<\/p>\n\n\n\n<p><strong>Uwagi ko\u0144cowe<\/strong><\/p>\n\n\n\n<p>1. Zg\u0142oszenie si\u0119 za\u0142ogi do startu w rajdzie jest r\u00f3wnoznaczne z akceptacj\u0105 niniejszego regulaminu.<\/p>\n\n\n\n<p>2. Organizator nie bierze \u017cadnej odpowiedzialno\u015bci za szkody i straty powsta\u0142e tak w stosunku do za\u0142\u00f3g i ich pojazd\u00f3w, jak i spowodowane przez za\u0142ogi bezpo\u015brednio lub po\u015brednio w stosunku do os\u00f3b trzecich i ich mienia w czasie trwania rajdu.<\/p>\n\n\n\n<p>3. Uczestnikom zaleca si\u0119 ubezpieczy\u0107 pojazd w pe\u0142nym zakresie.<\/p>\n\n\n\n<p>4. Organizator zastrzega sobie prawo interpretacji i uzupe\u0142niania niniejszego regulaminu.<\/p>\n\n\n\n<p>5. Nagrody rzeczowe nale\u017cy odebra\u0107 wy\u0142\u0105cznie osobi\u015bcie podczas uroczystego wr\u0119czania nagr\u00f3d.<\/p>\n\n\n\n<p>6. Przyst\u0105pienie do Rajdu jest jednoznaczne z wyra\u017ceniem przez uczestnika zgody na przetwarzanie jego danych osobowych zwi\u0105zanych z organizacj\u0105 ww. imprezy oraz publikowaniem zdj\u0119\u0107 i wynik\u00f3w na stronach internetowych organizatora. Uczestnik ma prawo dost\u0119pu do swoich danych osobowych, ich poprawiania oraz \u017c\u0105dania zaprzestania przetwarzania swoich danych. \u017b\u0105danie zaprzestania przetwarzania swoich danych osobowych jest jednoznaczne z rezygnacj\u0105 z udzia\u0142u w imprezie.<\/p>\n\n\n\n<p><strong>RODO:<br><\/strong>1. Administratorem danych osobowych jest MIASTO SPORTU z siedziba w Cz\u0119stochowie. Kontakt z administratorem danych jest mo\u017cliwy poprzez poczt\u0119 elektroniczn\u0105 pod adresem biuro@miastosportu.pl<br>2. W jakim celu i dlaczego przetwarzamy Twoje dane osobowe:<br>&#8211; wykonanie umowy &#8211; czyli udzia\u0142 w Jura Classic 2023\u00a0 &amp; ARS<br>&#8211; \u015bwiadczenie us\u0142ug droga elektroniczn\u0105<br>&#8211; obs\u0142uga zg\u0142osze\u0144 i innej korespondencji kierowanej do organizatora<br>&#8211; przygotowanie numer\u00f3w startowych<br>&#8211; przygotowanie list startowych oraz opracowanie wynik\u00f3w i klasyfikacji<br>&#8211; przesy\u0142anie informacji organizacyjnych (e-mail\/ SMS)<br>&#8211; umo\u017cliwienie kontaktu z Tob\u0105 naszym partnerom i sponsorom<br>&#8211; wykonanie obowi\u0105zk\u00f3w prawnych oraz podatkowych<br>&#8211; przeciwdzia\u0142anie oszustwom i nadu\u017cyciom<br>&#8211; w celach wynikaj\u0105cych z prawnych interes\u00f3w Stowarzyszenia<br>&#8211; przesy\u0142anie informacji marketingowych (email\/SMS) o naszych imprezach<br>3. Czy potrzebne nam s\u0105 Twoje dane?<br>Podanie danych osobowych jest niezb\u0119dne do udzia\u0142u w zawodach. Niepodanie danych uniemo\u017cliwia udzia\u0142 Jura Classic 2023 &amp; ARS.<br>4. Jak d\u0142ugo b\u0119dziemy przetwarza\u0107 Twoje dane?<br>Twoje dane b\u0119dziemy przetwarza\u0107 w okresie udzia\u0142u w zawodach.<br>Po zako\u0144czeniu tego czasu Twoje dane b\u0119d\u0105 nadal przechowywane w celach podatkowych i rachunkowych oraz w celach zapobiegania oszustwom i nadu\u017cyciom oraz dochodzenia ewentualnych roszcze\u0144 wynikaj\u0105cych z zawartej umowy.<br>Cz\u0119\u015b\u0107 Twoich danych &#8211; szczeg\u00f3lnie te z wynik\u00f3w &#8211; mog\u0105 by\u0107 przetwarzane tak\u017ce po tym terminie w celach archiwalnych i statystycznych.<br>5. Kto b\u0119dzie odbiorc\u0105 danych osobowych?<br>Twoje dane osobowe b\u0119d\u0105 ujawnione pracownikom, wsp\u00f3\u0142pracownikom oraz podwykonawcom Administratora w zakresie niezb\u0119dnym do realizacji wcze\u015bniej wymienionych cel\u00f3w przetwarzania danych osobowych.<br>Listy startowe i wyniki, zawieraj\u0105ce podstawowe dane osobowe (imi\u0119, nazwisko, p\u0142e\u0107, rok urodzenia oraz miejscowo\u015b\u0107 zamieszkania) b\u0119d\u0105 og\u00f3lnodost\u0119pne w tym publikowane na stronie internetowej imprezy. Wyniki mog\u0105 by\u0107 tak\u017ce publikowane na innych stronach internetowych w tym w mediach.<br>6. Masz prawo do wniesienia \u017c\u0105dania:<br>&#8211; dost\u0119pu do Twoich danych osobowych<br>&#8211; ich sprostowania, usuni\u0119cia b\u0105d\u017a ograniczenia ich przetwarzania<br>Ponadto masz prawo do wniesienia sprzeciwu wobec ich przetwarzania oraz przeniesienia danych.<br>Dodatkowo w odniesieniu do przetwarzania, kt\u00f3re odbywa si\u0119 na podstawie Twojej zgody masz prawo do jej cofni\u0119cia w dowolnym momencie.<br>7. Skarg\u0119 na spos\u00f3b przetwarzania danych osobowych mo\u017cesz wnie\u015b\u0107:<br>Prezes Urz\u0119du Ochrony Danych Osobowych<br>ul. Stawki 2<br>00-193 Warszawa<br><br>Aktualno\u015b\u0107: 18.09.2023<\/p>\n","protected":false},"excerpt":{"rendered":"<p>&#8222;Jura Classic 2023&#8221; (7. Runda Mistrzostw \u015al\u0105ska Pojazd\u00f3w Zabytkowych 2023)Prolog RETRO CUP 2024 oraz 5. Amatorski Rajd Samochodowy REGULAMIN Organizator MIASTO SPORTU42-221 Cz\u0119stochowa, ul. Jana Dzier\u017conia 4tel: 606 233 313 (w godzinach 9:00 &#8211; 17:00) Wsp\u00f3\u0142praca: &#8211; Fundacja MK&#8211; Urz\u0105d Miasta Myszk\u00f3w&#8211; MDK Myszk\u00f3w Termin, miejsce i harmonogram:Impreza odb\u0119dzie si\u0119 w dniach 6-7 pa\u017adziernika 2023&hellip;&nbsp;<a href=\"http:\/\/juraclassic.pl\/index.php\/regulamin\/\" rel=\"bookmark\">Czytaj dalej &raquo;<span class=\"screen-reader-text\">Regulamin<\/span><\/a><\/p>\n","protected":false},"author":1,"featured_media":0,"parent":0,"menu_order":0,"comment_status":"closed","ping_status":"closed","template":"","meta":{"neve_meta_sidebar":"","neve_meta_container":"","neve_meta_enable_content_width":"","neve_meta_content_width":0,"neve_meta_title_alignment":"","neve_meta_author_avatar":"","neve_post_elements_order":"","neve_meta_disable_header":"","neve_meta_disable_footer":"","neve_meta_disable_title":"","_themeisle_gutenberg_block_has_review":false,"footnotes":""},"_links":{"self":[{"href":"http:\/\/juraclassic.pl\/index.php\/wp-json\/wp\/v2\/pages\/369"}],"collection":[{"href":"http:\/\/juraclassic.pl\/index.php\/wp-json\/wp\/v2\/pages"}],"about":[{"href":"http:\/\/juraclassic.pl\/index.php\/wp-json\/wp\/v2\/types\/page"}],"author":[{"embeddable":true,"href":"http:\/\/juraclassic.pl\/index.php\/wp-json\/wp\/v2\/users\/1"}],"replies":[{"embeddable":true,"href":"http:\/\/juraclassic.pl\/index.php\/wp-json\/wp\/v2\/comments?post=369"}],"version-history":[{"count":5,"href":"http:\/\/juraclassic.pl\/index.php\/wp-json\/wp\/v2\/pages\/369\/revisions"}],"predecessor-version":[{"id":421,"href":"http:\/\/juraclassic.pl\/index.php\/wp-json\/wp\/v2\/pages\/369\/revisions\/421"}],"wp:attachment":[{"href":"http:\/\/juraclassic.pl\/index.php\/wp-json\/wp\/v2\/media?parent=369"}],"curies":[{"name":"wp","href":"https:\/\/api.w.org\/{rel}","templated":true}]}}