{"id":378,"date":"2023-08-24T10:16:40","date_gmt":"2023-08-24T10:16:40","guid":{"rendered":"http:\/\/juraclassic.pl\/?page_id=378"},"modified":"2023-10-08T09:21:01","modified_gmt":"2023-10-08T09:21:01","slug":"wyniki","status":"publish","type":"page","link":"http:\/\/juraclassic.pl\/index.php\/wyniki\/","title":{"rendered":"Wyniki"},"content":{"rendered":"\n<p>Wyniki:<\/p>\n\n\n\n\n\n<p>Wyniki On-Line Rajd:<\/p>\n\n\n\n<p><a rel=\"noreferrer noopener\" href=\"https:\/\/my.raceresult.com\/258261\/\" data-type=\"link\" data-id=\"https:\/\/my.raceresult.com\/258261\/\" target=\"_blank\">WYNIKI ONLINE<\/a><br><\/p>\n\n\n\n<p>Wyniki Pr\u00f3by na regularno\u015b\u0107:<\/p>\n\n\n\n<p><a href=\"https:\/\/www.mirally.net\/Races\/Results?id=2264\" data-type=\"link\" data-id=\"https:\/\/www.mirally.net\/Races\/Results?id=2264\" target=\"_blank\" rel=\"noreferrer noopener\">WYNIKI ONLINE<\/a><\/p>\n\n\n\n<p><\/p>\n\n\n\n<p>Prawid\u0142owe odpowiedzi:<br><a rel=\"noreferrer noopener\" href=\"http:\/\/juraclassic.pl\/wp-content\/uploads\/2023\/10\/JuraClassic2023_Etap_P1.png\" data-type=\"link\" data-id=\"http:\/\/juraclassic.pl\/wp-content\/uploads\/2023\/10\/JuraClassic2023_Etap_P1.png\" target=\"_blank\">ETAP P1<\/a><br><a rel=\"noreferrer noopener\" href=\"http:\/\/juraclassic.pl\/wp-content\/uploads\/2023\/10\/JuraClassic2023_Etap_S1.png\" data-type=\"link\" data-id=\"http:\/\/juraclassic.pl\/wp-content\/uploads\/2023\/10\/JuraClassic2023_Etap_S1.png\" target=\"_blank\">ETAP S1<\/a><br><a rel=\"noreferrer noopener\" href=\"http:\/\/juraclassic.pl\/wp-content\/uploads\/2023\/10\/JuraClassic2023_Etap_S2.png\" data-type=\"link\" data-id=\"http:\/\/juraclassic.pl\/wp-content\/uploads\/2023\/10\/JuraClassic2023_Etap_S2.png\" target=\"_blank\">ETAP S2<\/a><br><a href=\"http:\/\/juraclassic.pl\/wp-content\/uploads\/2023\/10\/JuraClassic2023_Etap_S3.png\" data-type=\"link\" data-id=\"http:\/\/juraclassic.pl\/wp-content\/uploads\/2023\/10\/JuraClassic2023_Etap_S3.png\" target=\"_blank\" rel=\"noreferrer noopener\">ETAP 4<\/a><br><a href=\"http:\/\/juraclassic.pl\/wp-content\/uploads\/2023\/10\/JuraClassic2023_Etap_S4.png\" data-type=\"link\" data-id=\"http:\/\/juraclassic.pl\/wp-content\/uploads\/2023\/10\/JuraClassic2023_Etap_S4.png\" target=\"_blank\" rel=\"noreferrer noopener\">ETAP 5<\/a><br><br><a rel=\"noreferrer noopener\" href=\"http:\/\/juraclassic.pl\/wp-content\/uploads\/2023\/10\/2023_JC_test_brd.png\" data-type=\"link\" data-id=\"http:\/\/juraclassic.pl\/wp-content\/uploads\/2023\/10\/2023_JC_test_brd.png\" target=\"_blank\">BRD<\/a><br><a rel=\"noreferrer noopener\" href=\"http:\/\/juraclassic.pl\/wp-content\/uploads\/2023\/10\/2023_JC_test_hist-mot.png\" target=\"_blank\">HISTORIA MOTORYZACJI<\/a><br><a href=\"http:\/\/juraclassic.pl\/wp-content\/uploads\/2023\/10\/mapa-roza-wiatrow_JuraClassic2023.png\" data-type=\"link\" data-id=\"http:\/\/juraclassic.pl\/wp-content\/uploads\/2023\/10\/mapa-roza-wiatrow_JuraClassic2023.png\" target=\"_blank\" rel=\"noreferrer noopener\">R\u00d3\u017bA WIATR\u00d3W<\/a><br><\/p>\n","protected":false},"excerpt":{"rendered":"<p>Wyniki: Wyniki On-Line Rajd: WYNIKI ONLINE Wyniki Pr\u00f3by na regularno\u015b\u0107: WYNIKI ONLINE Prawid\u0142owe odpowiedzi:ETAP P1ETAP S1ETAP S2ETAP 4ETAP 5 BRDHISTORIA MOTORYZACJIR\u00d3\u017bA WIATR\u00d3W<\/p>\n","protected":false},"author":1,"featured_media":0,"parent":0,"menu_order":0,"comment_status":"closed","ping_status":"closed","template":"","meta":{"neve_meta_sidebar":"","neve_meta_container":"","neve_meta_enable_content_width":"","neve_meta_content_width":0,"neve_meta_title_alignment":"","neve_meta_author_avatar":"","neve_post_elements_order":"","neve_meta_disable_header":"","neve_meta_disable_footer":"","neve_meta_disable_title":"","_themeisle_gutenberg_block_has_review":false,"footnotes":""},"_links":{"self":[{"href":"http:\/\/juraclassic.pl\/index.php\/wp-json\/wp\/v2\/pages\/378"}],"collection":[{"href":"http:\/\/juraclassic.pl\/index.php\/wp-json\/wp\/v2\/pages"}],"about":[{"href":"http:\/\/juraclassic.pl\/index.php\/wp-json\/wp\/v2\/types\/page"}],"author":[{"embeddable":true,"href":"http:\/\/juraclassic.pl\/index.php\/wp-json\/wp\/v2\/users\/1"}],"replies":[{"embeddable":true,"href":"http:\/\/juraclassic.pl\/index.php\/wp-json\/wp\/v2\/comments?post=378"}],"version-history":[{"count":25,"href":"http:\/\/juraclassic.pl\/index.php\/wp-json\/wp\/v2\/pages\/378\/revisions"}],"predecessor-version":[{"id":460,"href":"http:\/\/juraclassic.pl\/index.php\/wp-json\/wp\/v2\/pages\/378\/revisions\/460"}],"wp:attachment":[{"href":"http:\/\/juraclassic.pl\/index.php\/wp-json\/wp\/v2\/media?parent=378"}],"curies":[{"name":"wp","href":"https:\/\/api.w.org\/{rel}","templated":true}]}}